{"id":1436,"date":"2026-02-25T14:09:37","date_gmt":"2026-02-25T14:09:37","guid":{"rendered":"https:\/\/accuratemfgpr.com\/?page_id=1436"},"modified":"2026-02-25T14:37:30","modified_gmt":"2026-02-25T14:37:30","slug":"galeria","status":"publish","type":"page","link":"https:\/\/accuratemfgpr.com\/en\/galeria\/","title":{"rendered":"Gallery"},"content":{"rendered":"<div data-elementor-type=\"wp-page\" data-elementor-id=\"1436\" class=\"elementor elementor-1436\" data-elementor-settings=\"{&quot;ha_cmc_init_switcher&quot;:&quot;no&quot;}\">\n\t\t\t\t<div class=\"elementor-element elementor-element-f2d4962 e-flex e-con-boxed wpr-particle-no wpr-jarallax-no wpr-parallax-no wpr-sticky-section-no wpr-equal-height-no e-con e-parent\" data-id=\"f2d4962\" data-element_type=\"container\" data-e-type=\"container\" data-settings=\"{&quot;_ha_eqh_enable&quot;:false}\">\n\t\t\t\t\t<div class=\"e-con-inner\">\n\t\t\t\t<div class=\"elementor-element elementor-element-fd621d8 elementor-widget__width-inherit elementor-widget elementor-widget-heading\" data-id=\"fd621d8\" data-element_type=\"widget\" data-e-type=\"widget\" data-widget_type=\"heading.default\">\n\t\t\t\t\t<h2 class=\"elementor-heading-title elementor-size-default\">Gallery<\/h2>\t\t\t\t<\/div>\n\t\t\t\t<div class=\"elementor-element elementor-element-d313b40 elementor-widget elementor-widget-ha-justified-gallery happy-addon ha-justified-gallery\" data-id=\"d313b40\" data-element_type=\"widget\" data-e-type=\"widget\" data-settings=\"{&quot;row_height&quot;:{&quot;unit&quot;:&quot;px&quot;,&quot;size&quot;:150,&quot;sizes&quot;:[]},&quot;margins&quot;:{&quot;unit&quot;:&quot;px&quot;,&quot;size&quot;:10,&quot;sizes&quot;:[]},&quot;last_row&quot;:&quot;justify&quot;,&quot;enable_popup&quot;:&quot;yes&quot;}\" data-widget_type=\"ha-justified-gallery.default\">\n\t\t\t\t\t\n\t\t<div class=\"ha-justified-grid__wrap hajs-justified-grid\">\n\t\t\t\t\t\t\t<a href=\"#\" data-mfp-src=\"https:\/\/accuratemfgpr.com\/wp-content\/uploads\/2026\/02\/imgi_44_gallery-43-1024x739.webp\" class=\"ha-justified-grid__item ha-js-lightbox __fltr-1\" title=\"\">\n\t\t\t\t\t<img fetchpriority=\"high\" decoding=\"async\" width=\"768\" height=\"554\" src=\"https:\/\/accuratemfgpr.com\/wp-content\/uploads\/2026\/02\/imgi_44_gallery-43-768x554.webp\" class=\"elementor-animation-grow\" alt=\"\" srcset=\"https:\/\/accuratemfgpr.com\/wp-content\/uploads\/2026\/02\/imgi_44_gallery-43-768x554.webp 768w, https:\/\/accuratemfgpr.com\/wp-content\/uploads\/2026\/02\/imgi_44_gallery-43-300x217.webp 300w, https:\/\/accuratemfgpr.com\/wp-content\/uploads\/2026\/02\/imgi_44_gallery-43-1024x739.webp 1024w, https:\/\/accuratemfgpr.com\/wp-content\/uploads\/2026\/02\/imgi_44_gallery-43.webp 1284w\" sizes=\"(max-width: 768px) 100vw, 768px\" \/>\t\t\t\t<\/a>\n\t\t\t\t\t\t\t<a href=\"#\" data-mfp-src=\"https:\/\/accuratemfgpr.com\/wp-content\/uploads\/2026\/02\/imgi_42_gallery-41-1024x564.webp\" class=\"ha-justified-grid__item ha-js-lightbox __fltr-1\" title=\"\">\n\t\t\t\t\t<img decoding=\"async\" width=\"768\" height=\"423\" src=\"https:\/\/accuratemfgpr.com\/wp-content\/uploads\/2026\/02\/imgi_42_gallery-41-768x423.webp\" class=\"elementor-animation-grow\" alt=\"\" srcset=\"https:\/\/accuratemfgpr.com\/wp-content\/uploads\/2026\/02\/imgi_42_gallery-41-768x423.webp 768w, https:\/\/accuratemfgpr.com\/wp-content\/uploads\/2026\/02\/imgi_42_gallery-41-300x165.webp 300w, https:\/\/accuratemfgpr.com\/wp-content\/uploads\/2026\/02\/imgi_42_gallery-41-1024x564.webp 1024w, https:\/\/accuratemfgpr.com\/wp-content\/uploads\/2026\/02\/imgi_42_gallery-41.webp 1284w\" sizes=\"(max-width: 768px) 100vw, 768px\" \/>\t\t\t\t<\/a>\n\t\t\t\t\t\t\t<a href=\"#\" data-mfp-src=\"https:\/\/accuratemfgpr.com\/wp-content\/uploads\/2026\/02\/Screenshot-2026-02-25-at-9.07.41-AM-1024x682.png\" class=\"ha-justified-grid__item ha-js-lightbox __fltr-1\" title=\"\">\n\t\t\t\t\t<img decoding=\"async\" width=\"768\" height=\"511\" src=\"https:\/\/accuratemfgpr.com\/wp-content\/uploads\/2026\/02\/Screenshot-2026-02-25-at-9.07.41-AM-768x511.png\" class=\"elementor-animation-grow\" alt=\"\" srcset=\"https:\/\/accuratemfgpr.com\/wp-content\/uploads\/2026\/02\/Screenshot-2026-02-25-at-9.07.41-AM-768x511.png 768w, https:\/\/accuratemfgpr.com\/wp-content\/uploads\/2026\/02\/Screenshot-2026-02-25-at-9.07.41-AM-300x200.png 300w, https:\/\/accuratemfgpr.com\/wp-content\/uploads\/2026\/02\/Screenshot-2026-02-25-at-9.07.41-AM-1024x682.png 1024w, https:\/\/accuratemfgpr.com\/wp-content\/uploads\/2026\/02\/Screenshot-2026-02-25-at-9.07.41-AM-1536x1022.png 1536w, https:\/\/accuratemfgpr.com\/wp-content\/uploads\/2026\/02\/Screenshot-2026-02-25-at-9.07.41-AM-2048x1363.png 2048w\" sizes=\"(max-width: 768px) 100vw, 768px\" \/>\t\t\t\t<\/a>\n\t\t\t\t\t\t\t<a href=\"#\" data-mfp-src=\"https:\/\/accuratemfgpr.com\/wp-content\/uploads\/2026\/02\/imgi_23_gallery-22.webp\" class=\"ha-justified-grid__item ha-js-lightbox __fltr-1\" title=\"\">\n\t\t\t\t\t<img loading=\"lazy\" decoding=\"async\" width=\"700\" height=\"500\" src=\"https:\/\/accuratemfgpr.com\/wp-content\/uploads\/2026\/02\/imgi_23_gallery-22.webp\" class=\"elementor-animation-grow\" alt=\"\" srcset=\"https:\/\/accuratemfgpr.com\/wp-content\/uploads\/2026\/02\/imgi_23_gallery-22.webp 700w, https:\/\/accuratemfgpr.com\/wp-content\/uploads\/2026\/02\/imgi_23_gallery-22-300x214.webp 300w\" sizes=\"(max-width: 700px) 100vw, 700px\" \/>\t\t\t\t<\/a>\n\t\t\t\t\t<\/div>\n\n\t\t\t\t\t\t<\/div>\n\t\t\t\t<div class=\"elementor-element elementor-element-f0d303c elementor-widget elementor-widget-ha-justified-gallery happy-addon ha-justified-gallery\" data-id=\"f0d303c\" data-element_type=\"widget\" data-e-type=\"widget\" data-settings=\"{&quot;row_height&quot;:{&quot;unit&quot;:&quot;px&quot;,&quot;size&quot;:150,&quot;sizes&quot;:[]},&quot;margins&quot;:{&quot;unit&quot;:&quot;px&quot;,&quot;size&quot;:10,&quot;sizes&quot;:[]},&quot;last_row&quot;:&quot;justify&quot;,&quot;enable_popup&quot;:&quot;yes&quot;}\" data-widget_type=\"ha-justified-gallery.default\">\n\t\t\t\t\t\n\t\t<div class=\"ha-justified-grid__wrap hajs-justified-grid\">\n\t\t\t\t\t\t\t<a href=\"#\" data-mfp-src=\"https:\/\/accuratemfgpr.com\/wp-content\/uploads\/2025\/04\/img2.png\" class=\"ha-justified-grid__item ha-js-lightbox __fltr-1\" title=\"\">\n\t\t\t\t\t<img loading=\"lazy\" decoding=\"async\" width=\"215\" height=\"216\" src=\"https:\/\/accuratemfgpr.com\/wp-content\/uploads\/2025\/04\/img2.png\" class=\"elementor-animation-grow\" alt=\"\" srcset=\"https:\/\/accuratemfgpr.com\/wp-content\/uploads\/2025\/04\/img2.png 215w, https:\/\/accuratemfgpr.com\/wp-content\/uploads\/2025\/04\/img2-150x150.png 150w\" sizes=\"(max-width: 215px) 100vw, 215px\" \/>\t\t\t\t<\/a>\n\t\t\t\t\t\t\t<a href=\"#\" data-mfp-src=\"https:\/\/accuratemfgpr.com\/wp-content\/uploads\/2025\/04\/img4.png\" class=\"ha-justified-grid__item ha-js-lightbox __fltr-1\" title=\"\">\n\t\t\t\t\t<img loading=\"lazy\" decoding=\"async\" width=\"343\" height=\"248\" src=\"https:\/\/accuratemfgpr.com\/wp-content\/uploads\/2025\/04\/img4.png\" class=\"elementor-animation-grow\" alt=\"\" srcset=\"https:\/\/accuratemfgpr.com\/wp-content\/uploads\/2025\/04\/img4.png 343w, https:\/\/accuratemfgpr.com\/wp-content\/uploads\/2025\/04\/img4-300x217.png 300w\" sizes=\"(max-width: 343px) 100vw, 343px\" \/>\t\t\t\t<\/a>\n\t\t\t\t\t\t\t<a href=\"#\" data-mfp-src=\"https:\/\/accuratemfgpr.com\/wp-content\/uploads\/2025\/04\/img3.png\" class=\"ha-justified-grid__item ha-js-lightbox __fltr-1\" title=\"\">\n\t\t\t\t\t<img loading=\"lazy\" decoding=\"async\" width=\"225\" height=\"224\" src=\"https:\/\/accuratemfgpr.com\/wp-content\/uploads\/2025\/04\/img3.png\" class=\"elementor-animation-grow\" alt=\"\" srcset=\"https:\/\/accuratemfgpr.com\/wp-content\/uploads\/2025\/04\/img3.png 225w, https:\/\/accuratemfgpr.com\/wp-content\/uploads\/2025\/04\/img3-150x150.png 150w\" sizes=\"(max-width: 225px) 100vw, 225px\" \/>\t\t\t\t<\/a>\n\t\t\t\t\t\t\t<a href=\"#\" data-mfp-src=\"https:\/\/accuratemfgpr.com\/wp-content\/uploads\/2026\/02\/imgi_80_gallery-24-300x214-1.webp\" class=\"ha-justified-grid__item ha-js-lightbox __fltr-1\" title=\"\">\n\t\t\t\t\t<img loading=\"lazy\" decoding=\"async\" width=\"300\" height=\"214\" src=\"https:\/\/accuratemfgpr.com\/wp-content\/uploads\/2026\/02\/imgi_80_gallery-24-300x214-1.webp\" class=\"elementor-animation-grow\" alt=\"\" \/>\t\t\t\t<\/a>\n\t\t\t\t\t<\/div>\n\n\t\t\t\t\t\t<\/div>\n\t\t\t\t<div class=\"elementor-element elementor-element-95eaf2b elementor-widget elementor-widget-ha-justified-gallery happy-addon ha-justified-gallery\" data-id=\"95eaf2b\" data-element_type=\"widget\" data-e-type=\"widget\" data-settings=\"{&quot;row_height&quot;:{&quot;unit&quot;:&quot;px&quot;,&quot;size&quot;:150,&quot;sizes&quot;:[]},&quot;margins&quot;:{&quot;unit&quot;:&quot;px&quot;,&quot;size&quot;:10,&quot;sizes&quot;:[]},&quot;last_row&quot;:&quot;justify&quot;,&quot;enable_popup&quot;:&quot;yes&quot;}\" data-widget_type=\"ha-justified-gallery.default\">\n\t\t\t\t\t\n\t\t<div class=\"ha-justified-grid__wrap hajs-justified-grid\">\n\t\t\t\t\t\t\t<a href=\"#\" data-mfp-src=\"https:\/\/accuratemfgpr.com\/wp-content\/uploads\/2026\/02\/imgi_48_gallery-47-1024x619.webp\" class=\"ha-justified-grid__item ha-js-lightbox __fltr-1\" title=\"\">\n\t\t\t\t\t<img loading=\"lazy\" decoding=\"async\" width=\"768\" height=\"464\" src=\"https:\/\/accuratemfgpr.com\/wp-content\/uploads\/2026\/02\/imgi_48_gallery-47-768x464.webp\" class=\"elementor-animation-grow\" alt=\"\" srcset=\"https:\/\/accuratemfgpr.com\/wp-content\/uploads\/2026\/02\/imgi_48_gallery-47-768x464.webp 768w, https:\/\/accuratemfgpr.com\/wp-content\/uploads\/2026\/02\/imgi_48_gallery-47-300x181.webp 300w, https:\/\/accuratemfgpr.com\/wp-content\/uploads\/2026\/02\/imgi_48_gallery-47-1024x619.webp 1024w, https:\/\/accuratemfgpr.com\/wp-content\/uploads\/2026\/02\/imgi_48_gallery-47.webp 1284w\" sizes=\"(max-width: 768px) 100vw, 768px\" \/>\t\t\t\t<\/a>\n\t\t\t\t\t\t\t<a href=\"#\" data-mfp-src=\"https:\/\/accuratemfgpr.com\/wp-content\/uploads\/2026\/02\/Screenshot-2026-02-25-at-9.06.40-AM-1024x710.png\" class=\"ha-justified-grid__item ha-js-lightbox __fltr-1\" title=\"\">\n\t\t\t\t\t<img loading=\"lazy\" decoding=\"async\" width=\"768\" height=\"533\" src=\"https:\/\/accuratemfgpr.com\/wp-content\/uploads\/2026\/02\/Screenshot-2026-02-25-at-9.06.40-AM-768x533.png\" class=\"elementor-animation-grow\" alt=\"\" srcset=\"https:\/\/accuratemfgpr.com\/wp-content\/uploads\/2026\/02\/Screenshot-2026-02-25-at-9.06.40-AM-768x533.png 768w, https:\/\/accuratemfgpr.com\/wp-content\/uploads\/2026\/02\/Screenshot-2026-02-25-at-9.06.40-AM-300x208.png 300w, https:\/\/accuratemfgpr.com\/wp-content\/uploads\/2026\/02\/Screenshot-2026-02-25-at-9.06.40-AM-1024x710.png 1024w, https:\/\/accuratemfgpr.com\/wp-content\/uploads\/2026\/02\/Screenshot-2026-02-25-at-9.06.40-AM-1536x1066.png 1536w, https:\/\/accuratemfgpr.com\/wp-content\/uploads\/2026\/02\/Screenshot-2026-02-25-at-9.06.40-AM-2048x1421.png 2048w\" sizes=\"(max-width: 768px) 100vw, 768px\" \/>\t\t\t\t<\/a>\n\t\t\t\t\t\t\t<a href=\"#\" data-mfp-src=\"https:\/\/accuratemfgpr.com\/wp-content\/uploads\/2026\/02\/imgi_126_gallery-42-173x300-1.webp\" class=\"ha-justified-grid__item ha-js-lightbox __fltr-1\" title=\"\">\n\t\t\t\t\t<img loading=\"lazy\" decoding=\"async\" width=\"173\" height=\"300\" src=\"https:\/\/accuratemfgpr.com\/wp-content\/uploads\/2026\/02\/imgi_126_gallery-42-173x300-1.webp\" class=\"elementor-animation-grow\" alt=\"\" \/>\t\t\t\t<\/a>\n\t\t\t\t\t\t\t<a href=\"#\" data-mfp-src=\"https:\/\/accuratemfgpr.com\/wp-content\/uploads\/2026\/02\/imgi_30_gallery-29.webp\" class=\"ha-justified-grid__item ha-js-lightbox __fltr-1\" title=\"\">\n\t\t\t\t\t<img loading=\"lazy\" decoding=\"async\" width=\"700\" height=\"500\" src=\"https:\/\/accuratemfgpr.com\/wp-content\/uploads\/2026\/02\/imgi_30_gallery-29.webp\" class=\"elementor-animation-grow\" alt=\"\" srcset=\"https:\/\/accuratemfgpr.com\/wp-content\/uploads\/2026\/02\/imgi_30_gallery-29.webp 700w, https:\/\/accuratemfgpr.com\/wp-content\/uploads\/2026\/02\/imgi_30_gallery-29-300x214.webp 300w\" sizes=\"(max-width: 700px) 100vw, 700px\" \/>\t\t\t\t<\/a>\n\t\t\t\t\t<\/div>\n\n\t\t\t\t\t\t<\/div>\n\t\t\t\t\t<\/div>\n\t\t\t\t<\/div>\n\t\t\t\t<\/div>","protected":false},"excerpt":{"rendered":"<p>Gallery<\/p>","protected":false},"author":2,"featured_media":0,"parent":0,"menu_order":0,"comment_status":"closed","ping_status":"closed","template":"","meta":{"_joinchat":[],"footnotes":""},"class_list":["post-1436","page","type-page","status-publish","hentry"],"yoast_head":"<!-- This site is optimized with the Yoast SEO plugin v27.2 - https:\/\/yoast.com\/product\/yoast-seo-wordpress\/ -->\n<title>Fabricante dedicado al trabajo de precisi\u00f3n | PR<\/title>\n<meta name=\"description\" content=\"Fabricante dedicado al trabajo de precisi\u00f3n, matrices, conformado, rectificado, soldadura y reparaci\u00f3n en Puerto Rico.\" \/>\n<meta name=\"robots\" content=\"index, follow, max-snippet:-1, max-image-preview:large, max-video-preview:-1\" \/>\n<link rel=\"canonical\" href=\"https:\/\/accuratemfgpr.com\/en\/galeria\/\" \/>\n<meta property=\"og:locale\" content=\"en_US\" \/>\n<meta property=\"og:type\" content=\"article\" \/>\n<meta property=\"og:title\" content=\"Fabricante dedicado al trabajo de precisi\u00f3n | PR\" \/>\n<meta property=\"og:description\" content=\"Fabricante dedicado al trabajo de precisi\u00f3n, matrices, conformado, rectificado, soldadura y reparaci\u00f3n en Puerto Rico.\" \/>\n<meta property=\"og:url\" content=\"https:\/\/accuratemfgpr.com\/en\/galeria\/\" \/>\n<meta property=\"article:modified_time\" content=\"2026-02-25T14:37:30+00:00\" \/>\n<meta property=\"og:image\" content=\"https:\/\/accuratemfgpr.com\/wp-content\/uploads\/2026\/02\/imgi_44_gallery-43-768x554.webp\" \/>\n<meta name=\"twitter:card\" content=\"summary_large_image\" \/>\n<meta name=\"twitter:label1\" content=\"Est. reading time\" \/>\n\t<meta name=\"twitter:data1\" content=\"3 minutes\" \/>\n<script type=\"application\/ld+json\" class=\"yoast-schema-graph\">{\"@context\":\"https:\/\/schema.org\",\"@graph\":[{\"@type\":\"WebPage\",\"@id\":\"https:\/\/accuratemfgpr.com\/galeria\/\",\"url\":\"https:\/\/accuratemfgpr.com\/galeria\/\",\"name\":\"Fabricante dedicado al trabajo de precisi\u00f3n | PR\",\"isPartOf\":{\"@id\":\"https:\/\/accuratemfgpr.com\/#website\"},\"primaryImageOfPage\":{\"@id\":\"https:\/\/accuratemfgpr.com\/galeria\/#primaryimage\"},\"image\":{\"@id\":\"https:\/\/accuratemfgpr.com\/galeria\/#primaryimage\"},\"thumbnailUrl\":\"https:\/\/accuratemfgpr.com\/wp-content\/uploads\/2026\/02\/imgi_44_gallery-43-768x554.webp\",\"datePublished\":\"2026-02-25T14:09:37+00:00\",\"dateModified\":\"2026-02-25T14:37:30+00:00\",\"description\":\"Fabricante dedicado al trabajo de precisi\u00f3n, matrices, conformado, rectificado, soldadura y reparaci\u00f3n en Puerto Rico.\",\"breadcrumb\":{\"@id\":\"https:\/\/accuratemfgpr.com\/galeria\/#breadcrumb\"},\"inLanguage\":\"en-US\",\"potentialAction\":[{\"@type\":\"ReadAction\",\"target\":[\"https:\/\/accuratemfgpr.com\/galeria\/\"]}]},{\"@type\":\"ImageObject\",\"inLanguage\":\"en-US\",\"@id\":\"https:\/\/accuratemfgpr.com\/galeria\/#primaryimage\",\"url\":\"https:\/\/accuratemfgpr.com\/wp-content\/uploads\/2026\/02\/imgi_44_gallery-43-768x554.webp\",\"contentUrl\":\"https:\/\/accuratemfgpr.com\/wp-content\/uploads\/2026\/02\/imgi_44_gallery-43-768x554.webp\"},{\"@type\":\"BreadcrumbList\",\"@id\":\"https:\/\/accuratemfgpr.com\/galeria\/#breadcrumb\",\"itemListElement\":[{\"@type\":\"ListItem\",\"position\":1,\"name\":\"Home\",\"item\":\"https:\/\/accuratemfgpr.com\/\"},{\"@type\":\"ListItem\",\"position\":2,\"name\":\"Galeria\"}]},{\"@type\":\"WebSite\",\"@id\":\"https:\/\/accuratemfgpr.com\/#website\",\"url\":\"https:\/\/accuratemfgpr.com\/\",\"name\":\"\",\"description\":\"\",\"potentialAction\":[{\"@type\":\"SearchAction\",\"target\":{\"@type\":\"EntryPoint\",\"urlTemplate\":\"https:\/\/accuratemfgpr.com\/?s={search_term_string}\"},\"query-input\":{\"@type\":\"PropertyValueSpecification\",\"valueRequired\":true,\"valueName\":\"search_term_string\"}}],\"inLanguage\":\"en-US\"}]}<\/script>\n<!-- \/ Yoast SEO plugin. -->","yoast_head_json":{"title":"Fabricante dedicado al trabajo de precisi\u00f3n | PR","description":"Fabricante dedicado al trabajo de precisi\u00f3n, matrices, conformado, rectificado, soldadura y reparaci\u00f3n en Puerto Rico.","robots":{"index":"index","follow":"follow","max-snippet":"max-snippet:-1","max-image-preview":"max-image-preview:large","max-video-preview":"max-video-preview:-1"},"canonical":"https:\/\/accuratemfgpr.com\/en\/galeria\/","og_locale":"en_US","og_type":"article","og_title":"Fabricante dedicado al trabajo de precisi\u00f3n | PR","og_description":"Fabricante dedicado al trabajo de precisi\u00f3n, matrices, conformado, rectificado, soldadura y reparaci\u00f3n en Puerto Rico.","og_url":"https:\/\/accuratemfgpr.com\/en\/galeria\/","article_modified_time":"2026-02-25T14:37:30+00:00","og_image":[{"url":"https:\/\/accuratemfgpr.com\/wp-content\/uploads\/2026\/02\/imgi_44_gallery-43-768x554.webp","type":"","width":"","height":""}],"twitter_card":"summary_large_image","twitter_misc":{"Est. reading time":"3 minutes"},"schema":{"@context":"https:\/\/schema.org","@graph":[{"@type":"WebPage","@id":"https:\/\/accuratemfgpr.com\/galeria\/","url":"https:\/\/accuratemfgpr.com\/galeria\/","name":"Fabricante dedicado al trabajo de precisi\u00f3n | PR","isPartOf":{"@id":"https:\/\/accuratemfgpr.com\/#website"},"primaryImageOfPage":{"@id":"https:\/\/accuratemfgpr.com\/galeria\/#primaryimage"},"image":{"@id":"https:\/\/accuratemfgpr.com\/galeria\/#primaryimage"},"thumbnailUrl":"https:\/\/accuratemfgpr.com\/wp-content\/uploads\/2026\/02\/imgi_44_gallery-43-768x554.webp","datePublished":"2026-02-25T14:09:37+00:00","dateModified":"2026-02-25T14:37:30+00:00","description":"Fabricante dedicado al trabajo de precisi\u00f3n, matrices, conformado, rectificado, soldadura y reparaci\u00f3n en Puerto Rico.","breadcrumb":{"@id":"https:\/\/accuratemfgpr.com\/galeria\/#breadcrumb"},"inLanguage":"en-US","potentialAction":[{"@type":"ReadAction","target":["https:\/\/accuratemfgpr.com\/galeria\/"]}]},{"@type":"ImageObject","inLanguage":"en-US","@id":"https:\/\/accuratemfgpr.com\/galeria\/#primaryimage","url":"https:\/\/accuratemfgpr.com\/wp-content\/uploads\/2026\/02\/imgi_44_gallery-43-768x554.webp","contentUrl":"https:\/\/accuratemfgpr.com\/wp-content\/uploads\/2026\/02\/imgi_44_gallery-43-768x554.webp"},{"@type":"BreadcrumbList","@id":"https:\/\/accuratemfgpr.com\/galeria\/#breadcrumb","itemListElement":[{"@type":"ListItem","position":1,"name":"Home","item":"https:\/\/accuratemfgpr.com\/"},{"@type":"ListItem","position":2,"name":"Galeria"}]},{"@type":"WebSite","@id":"https:\/\/accuratemfgpr.com\/#website","url":"https:\/\/accuratemfgpr.com\/","name":"","description":"","potentialAction":[{"@type":"SearchAction","target":{"@type":"EntryPoint","urlTemplate":"https:\/\/accuratemfgpr.com\/?s={search_term_string}"},"query-input":{"@type":"PropertyValueSpecification","valueRequired":true,"valueName":"search_term_string"}}],"inLanguage":"en-US"}]}},"_hostinger_reach_plugin_has_subscription_block":false,"_hostinger_reach_plugin_is_elementor":false,"_links":{"self":[{"href":"https:\/\/accuratemfgpr.com\/en\/wp-json\/wp\/v2\/pages\/1436","targetHints":{"allow":["GET"]}}],"collection":[{"href":"https:\/\/accuratemfgpr.com\/en\/wp-json\/wp\/v2\/pages"}],"about":[{"href":"https:\/\/accuratemfgpr.com\/en\/wp-json\/wp\/v2\/types\/page"}],"author":[{"embeddable":true,"href":"https:\/\/accuratemfgpr.com\/en\/wp-json\/wp\/v2\/users\/2"}],"replies":[{"embeddable":true,"href":"https:\/\/accuratemfgpr.com\/en\/wp-json\/wp\/v2\/comments?post=1436"}],"version-history":[{"count":19,"href":"https:\/\/accuratemfgpr.com\/en\/wp-json\/wp\/v2\/pages\/1436\/revisions"}],"predecessor-version":[{"id":1490,"href":"https:\/\/accuratemfgpr.com\/en\/wp-json\/wp\/v2\/pages\/1436\/revisions\/1490"}],"wp:attachment":[{"href":"https:\/\/accuratemfgpr.com\/en\/wp-json\/wp\/v2\/media?parent=1436"}],"curies":[{"name":"wp","href":"https:\/\/api.w.org\/{rel}","templated":true}]}}